{"id":1065,"date":"2022-12-23T14:36:28","date_gmt":"2022-12-23T14:36:28","guid":{"rendered":"https:\/\/chinchin.ee\/?page_id=1065"},"modified":"2025-04-29T11:13:44","modified_gmt":"2025-04-29T11:13:44","slug":"viinikurssit","status":"publish","type":"page","link":"https:\/\/chinchin.ee\/fi\/viinikurssit\/","title":{"rendered":"Viinikurssit"},"content":{"rendered":"\n<div class=\"wp-block-media-text alignwide has-media-on-the-right is-stacked-on-mobile is-vertically-aligned-top is-image-fill\"><div class=\"wp-block-media-text__content\">\n<div style=\"height:30px\" aria-hidden=\"true\" class=\"wp-block-spacer\"><\/div>\n\n\n\n<h1 class=\"wp-block-heading\"><strong>Viinikurssit Tallinnassa<\/strong><\/h1>\n\n\n\n<div style=\"height:25px\" aria-hidden=\"true\" class=\"wp-block-spacer\"><\/div>\n\n\n\n<p>Tervetuloa Chin Chin -viinibaarin viinikursseille kouluttautumaan viihtyis\u00e4ll\u00e4 tavalla viinimestariemme ohjauksessa ja nauttimaan hyv\u00e4st\u00e4 viinist\u00e4.<\/p>\n\n\n\n<p>Voit valita kalenterista omaan makuusi sopivan kurssin tai tilata seurueellesi sopivan yksityisen viininmaistelutilaisuuden. My\u00f6s tiimitapahtumat ovat suosittuja!<\/p>\n\n\n\n<p>Viihtyis\u00e4\u00e4n maistelutilaan mahtuu mukavasti jopa 16 henke\u00e4 ja tarvittaessa voimme lis\u00e4t\u00e4 paikkoja. Viininmaistajaisiin ovat tervetulleita sek\u00e4 tanniineista tiet\u00e4m\u00e4tt\u00f6m\u00e4t ett\u00e4 viinej\u00e4 jo rakastavat herkkusuut.<\/p>\n\n\n\n<div style=\"height:50px\" aria-hidden=\"true\" class=\"wp-block-spacer\"><\/div>\n\n\n\n<div class=\"wp-block-buttons is-content-justification-center is-layout-flex wp-container-1\">\n<div class=\"wp-block-button\"><a class=\"wp-block-button__link wp-element-button\" href=\"https:\/\/veinisober.ee\/340-koolitused\" target=\"_blank\" rel=\"noreferrer noopener\">KALENTERI<\/a><\/div>\n\n\n\n<div class=\"wp-block-button\"><a class=\"wp-block-button__link wp-element-button\" href=\"mailto:info@chinchin.ee\">OTA YHTEYTT\u00c4<\/a><\/div>\n<\/div>\n\n\n\n<div class=\"wp-block-buttons is-content-justification-center is-layout-flex wp-container-2\"><\/div>\n<\/div><figure class=\"wp-block-media-text__media\" style=\"background-image:url(https:\/\/chinchin.ee\/wp-content\/uploads\/2022\/12\/3U0A9075-683x1024.jpg);background-position:50% 50%\"><img decoding=\"async\" loading=\"lazy\" width=\"683\" height=\"1024\" src=\"https:\/\/chinchin.ee\/wp-content\/uploads\/2022\/12\/3U0A9075-683x1024.jpg\" alt=\"\" class=\"wp-image-568 size-full\" srcset=\"https:\/\/chinchin.ee\/wp-content\/uploads\/2022\/12\/3U0A9075-683x1024.jpg 683w, https:\/\/chinchin.ee\/wp-content\/uploads\/2022\/12\/3U0A9075-200x300.jpg 200w, https:\/\/chinchin.ee\/wp-content\/uploads\/2022\/12\/3U0A9075-768x1152.jpg 768w, https:\/\/chinchin.ee\/wp-content\/uploads\/2022\/12\/3U0A9075-1024x1536.jpg 1024w, https:\/\/chinchin.ee\/wp-content\/uploads\/2022\/12\/3U0A9075.jpg 1067w\" sizes=\"(max-width: 683px) 100vw, 683px\" \/><\/figure><\/div>\n\n\n\n<div style=\"height:120px\" aria-hidden=\"true\" class=\"wp-block-spacer\"><\/div>\n\n\n\n<div class=\"wp-block-media-text alignwide is-stacked-on-mobile is-vertically-aligned-center is-image-fill\"><figure class=\"wp-block-media-text__media\" style=\"background-image:url(https:\/\/chinchin.ee\/wp-content\/uploads\/2022\/12\/3U0A9156-1024x683.jpg);background-position:65% 52%\"><img decoding=\"async\" loading=\"lazy\" width=\"1024\" height=\"683\" src=\"https:\/\/chinchin.ee\/wp-content\/uploads\/2022\/12\/3U0A9156-1024x683.jpg\" alt=\"\" class=\"wp-image-614 size-full\" srcset=\"https:\/\/chinchin.ee\/wp-content\/uploads\/2022\/12\/3U0A9156-1024x683.jpg 1024w, https:\/\/chinchin.ee\/wp-content\/uploads\/2022\/12\/3U0A9156-300x200.jpg 300w, https:\/\/chinchin.ee\/wp-content\/uploads\/2022\/12\/3U0A9156-768x512.jpg 768w, https:\/\/chinchin.ee\/wp-content\/uploads\/2022\/12\/3U0A9156-1536x1024.jpg 1536w, https:\/\/chinchin.ee\/wp-content\/uploads\/2022\/12\/3U0A9156.jpg 1600w\" sizes=\"(max-width: 1024px) 100vw, 1024px\" \/><\/figure><div class=\"wp-block-media-text__content\">\n<div style=\"height:30px\" aria-hidden=\"true\" class=\"wp-block-spacer\"><\/div>\n\n\n\n<h1 class=\"wp-block-heading\"><strong><strong><strong>Maistajaiset Tallinnan keskustassa<\/strong><\/strong><\/strong><\/h1>\n\n\n\n<div style=\"height:25px\" aria-hidden=\"true\" class=\"wp-block-spacer\"><\/div>\n\n\n\n<p>Viininmaistajaiset j\u00e4rjestet\u00e4\u00e4n Tallinnassa viihtyis\u00e4ss\u00e4 Chin Chin -viinibaarissa, joka sijaitsee vastik\u00e4\u00e4n avatussa Kalaranna-korttelissa osoitteessa <a href=\"https:\/\/goo.gl\/maps\/bUJPUeB9KezgjPXm9\" target=\"_blank\" rel=\"noreferrer noopener\">Kalaranna 8\/11<\/a>. Olemme mukavasti meren rannalla mutta kuitenkin k\u00e4tev\u00e4sti Tallinnan keskustassa.<\/p>\n\n\n\n<p>Chin Chin -viinibaarissa k\u00e4ydess\u00e4si voit vierailla my\u00f6s <strong><a href=\"http:\/\/www.veinisober.ee\" target=\"_blank\" rel=\"noreferrer noopener\">Veinis\u00f5ber<\/a><\/strong>-viinikaupassa ja valita suosikkisi yli 800 viinin joukosta. Viinikursseille osallistuville on luvassa erikoistarjouksia!<\/p>\n\n\n\n<div style=\"height:50px\" aria-hidden=\"true\" class=\"wp-block-spacer\"><\/div>\n<\/div><\/div>\n\n\n\n<div style=\"height:120px\" aria-hidden=\"true\" class=\"wp-block-spacer\"><\/div>\n\n\n\n<div class=\"wp-block-media-text alignwide has-media-on-the-right is-stacked-on-mobile is-vertically-aligned-center is-image-fill\"><div class=\"wp-block-media-text__content\">\n<div style=\"height:30px\" aria-hidden=\"true\" class=\"wp-block-spacer\"><\/div>\n\n\n\n<h1 class=\"wp-block-heading\"><strong><strong>Huomioitavaa<\/strong><\/strong><\/h1>\n\n\n\n<div style=\"height:25px\" aria-hidden=\"true\" class=\"wp-block-spacer\"><\/div>\n\n\n\n<p>Viinikurssien hinnat alkavat 40 eurosta osallistujaa kohden, ja ne on tarkoitettu t\u00e4ysi-ik\u00e4isille viinin yst\u00e4ville.<\/p>\n\n\n\n<p>Viinikursseillamme viinimestarit opettavat tunnistamaan erilaisia viinej\u00e4, viiniryp\u00e4lelajikkeita, viinialueita ja valmistusmenetelmi\u00e4.<\/p>\n\n\n\n<p>Varaa maistelua ja uusien tietojen omaksumista varten kalenteristasi 2\u20133 tuntia aikaa. Kurssin hintaan sis\u00e4ltyv\u00e4t v\u00e4hint\u00e4\u00e4n viiden eri viinin maistelu ja kevyt v\u00e4lipala.<\/p>\n\n\n\n<div style=\"height:50px\" aria-hidden=\"true\" class=\"wp-block-spacer\"><\/div>\n<\/div><figure class=\"wp-block-media-text__media\" style=\"background-image:url(https:\/\/chinchin.ee\/wp-content\/uploads\/2022\/12\/3U0A8731-2-683x1024.jpg);background-position:50% 50%\"><img decoding=\"async\" loading=\"lazy\" width=\"683\" height=\"1024\" src=\"https:\/\/chinchin.ee\/wp-content\/uploads\/2022\/12\/3U0A8731-2-683x1024.jpg\" alt=\"\" class=\"wp-image-570 size-full\" srcset=\"https:\/\/chinchin.ee\/wp-content\/uploads\/2022\/12\/3U0A8731-2-683x1024.jpg 683w, https:\/\/chinchin.ee\/wp-content\/uploads\/2022\/12\/3U0A8731-2-200x300.jpg 200w, https:\/\/chinchin.ee\/wp-content\/uploads\/2022\/12\/3U0A8731-2-768x1152.jpg 768w, https:\/\/chinchin.ee\/wp-content\/uploads\/2022\/12\/3U0A8731-2-1024x1536.jpg 1024w, https:\/\/chinchin.ee\/wp-content\/uploads\/2022\/12\/3U0A8731-2.jpg 1067w\" sizes=\"(max-width: 683px) 100vw, 683px\" \/><\/figure><\/div>\n\n\n\n<div style=\"height:120px\" aria-hidden=\"true\" class=\"wp-block-spacer\"><\/div>\n\n\n\n<figure class=\"wp-block-gallery has-nested-images columns-default is-cropped wp-block-gallery-3 is-layout-flex\">\n<figure class=\"wp-block-image size-large\"><img decoding=\"async\" loading=\"lazy\" width=\"1024\" height=\"683\" data-id=\"842\"  src=\"https:\/\/chinchin.ee\/wp-content\/uploads\/2022\/12\/009-1024x683.jpg\" alt=\"\" class=\"wp-image-842\" srcset=\"https:\/\/chinchin.ee\/wp-content\/uploads\/2022\/12\/009-1024x683.jpg 1024w, https:\/\/chinchin.ee\/wp-content\/uploads\/2022\/12\/009-300x200.jpg 300w, https:\/\/chinchin.ee\/wp-content\/uploads\/2022\/12\/009-768x512.jpg 768w, https:\/\/chinchin.ee\/wp-content\/uploads\/2022\/12\/009-1536x1024.jpg 1536w, https:\/\/chinchin.ee\/wp-content\/uploads\/2022\/12\/009.jpg 1920w\" sizes=\"(max-width: 1024px) 100vw, 1024px\" \/><\/figure>\n\n\n\n<figure class=\"wp-block-image size-large\"><img decoding=\"async\" loading=\"lazy\" width=\"1024\" height=\"683\" data-id=\"566\"  src=\"https:\/\/chinchin.ee\/wp-content\/uploads\/2022\/12\/3U0A8872-1024x683.jpg\" alt=\"\" class=\"wp-image-566\" srcset=\"https:\/\/chinchin.ee\/wp-content\/uploads\/2022\/12\/3U0A8872-1024x683.jpg 1024w, https:\/\/chinchin.ee\/wp-content\/uploads\/2022\/12\/3U0A8872-300x200.jpg 300w, https:\/\/chinchin.ee\/wp-content\/uploads\/2022\/12\/3U0A8872-768x512.jpg 768w, https:\/\/chinchin.ee\/wp-content\/uploads\/2022\/12\/3U0A8872-1536x1024.jpg 1536w, https:\/\/chinchin.ee\/wp-content\/uploads\/2022\/12\/3U0A8872.jpg 1600w\" sizes=\"(max-width: 1024px) 100vw, 1024px\" \/><\/figure>\n\n\n\n<figure class=\"wp-block-image size-large\"><img decoding=\"async\" loading=\"lazy\" width=\"1024\" height=\"683\" data-id=\"564\"  src=\"https:\/\/chinchin.ee\/wp-content\/uploads\/2022\/12\/018-1024x683.jpg\" alt=\"\" class=\"wp-image-564\" srcset=\"https:\/\/chinchin.ee\/wp-content\/uploads\/2022\/12\/018-1024x683.jpg 1024w, https:\/\/chinchin.ee\/wp-content\/uploads\/2022\/12\/018-300x200.jpg 300w, https:\/\/chinchin.ee\/wp-content\/uploads\/2022\/12\/018-768x512.jpg 768w, https:\/\/chinchin.ee\/wp-content\/uploads\/2022\/12\/018-1536x1024.jpg 1536w, https:\/\/chinchin.ee\/wp-content\/uploads\/2022\/12\/018.jpg 1920w\" sizes=\"(max-width: 1024px) 100vw, 1024px\" \/><\/figure>\n<\/figure>\n\n\n\n<div class=\"wp-block-group is-layout-constrained\"><div class=\"wp-block-group__inner-container\">\r\n<section id=\"training\" class=\"section-training section\">\r\n\r\n    <div class=\"row\">\r\n        <div class=\"col-12\">\r\n            <h2 class=\"section-title\"><\/h2>\r\n            <p class=\"section-training-content\"><\/p>\r\n        <\/div>\r\n\r\n        <div class=\"col-10 section-training-carousel\">\r\n            <div class=\"owl-carousel section-training-slider\">\r\n                               <div class=\"section-training-slider-item\">\r\n                    <img width=\"134\" height=\"132\" src=\"https:\/\/chinchin.ee\/wp-content\/uploads\/2022\/06\/veini_abc.png\" class=\"img-fluid wp-post-image\" alt=\"\" decoding=\"async\" loading=\"lazy\" \/><h3 class=\"section-training-slider-item-title\">Ensiluokkaiset kuohuviinit<\/h3><div class=\"section-training-slider-item-content\">Maistelemme eri alueiden ensiluokkaisia kuohuviinej\u00e4 ja olemme valmiita yll\u00e4tyksiin!<\/div>                    <\/div>\r\n                                  <div class=\"section-training-slider-item\">\r\n                    <img width=\"122\" height=\"134\" src=\"https:\/\/chinchin.ee\/wp-content\/uploads\/2022\/06\/vahuvein.png\" class=\"img-fluid wp-post-image\" alt=\"\" decoding=\"async\" loading=\"lazy\" \/><h3 class=\"section-training-slider-item-title\">Italian kiertomatka<\/h3><div class=\"section-training-slider-item-content\">Matkustamme Italian halki pohjoisesta etel\u00e4\u00e4n ja tarjoamme matkan varrella italialaisia viinej\u00e4 ja naposteltavaa.<\/div>                    <\/div>\r\n                                  <div class=\"section-training-slider-item\">\r\n                    <img width=\"145\" height=\"130\" src=\"https:\/\/chinchin.ee\/wp-content\/uploads\/2022\/06\/vein_ja_toit.png\" class=\"img-fluid wp-post-image\" alt=\"\" decoding=\"async\" loading=\"lazy\" \/><h3 class=\"section-training-slider-item-title\">Viini ja ruoka<\/h3><div class=\"section-training-slider-item-content\">Kokeilemme yhdess\u00e4, miten viini ja ruoka voivat sopia ihanteellisesti yhteen tai luoda jopa outoja makuyhdistelmi\u00e4.<\/div>                    <\/div>\r\n                                  <div class=\"section-training-slider-item\">\r\n                    <img width=\"134\" height=\"132\" src=\"https:\/\/chinchin.ee\/wp-content\/uploads\/2022\/06\/veini_abc.png\" class=\"img-fluid wp-post-image\" alt=\"\" decoding=\"async\" loading=\"lazy\" \/><h3 class=\"section-training-slider-item-title\">Viinin ABC<\/h3><div class=\"section-training-slider-item-content\">Puhumme viininvalmistuksen perusteista ja siit\u00e4, miten ja miksi alue vaikuttaa viinin makuun.<\/div>                    <\/div>\r\n                                  <div class=\"section-training-slider-item\">\r\n                    <img width=\"122\" height=\"134\" src=\"https:\/\/chinchin.ee\/wp-content\/uploads\/2022\/06\/vahuvein.png\" class=\"img-fluid wp-post-image\" alt=\"\" decoding=\"async\" loading=\"lazy\" \/><h3 class=\"section-training-slider-item-title\">Kuohuviinikoulutus proseccosta samppanjaan<\/h3><div class=\"section-training-slider-item-content\">Maistelemme eri maiden kuohuviinej\u00e4, jotka on valmistettu sek\u00e4 perinteisell\u00e4 ett\u00e4 tankkimenetelm\u00e4ll\u00e4. Bon Voyage!<\/div>                    <\/div>\r\n                           <\/div>\r\n        <\/div>\r\n        <div class=\"col-12 section-training-additional\">\r\n            <p><\/p>\r\n                    <\/div>\r\n    <\/div>\r\n<\/section><\/div><\/div>\n","protected":false},"excerpt":{"rendered":"","protected":false},"author":6,"featured_media":1067,"parent":0,"menu_order":0,"comment_status":"closed","ping_status":"closed","template":"","meta":{"inline_featured_image":false},"acf":[],"yoast_head":"<!-- This site is optimized with the Yoast SEO plugin v20.7 - https:\/\/yoast.com\/wordpress\/plugins\/seo\/ -->\n<title>Viinikurssit Tallinnassa - Chin Chin<\/title>\n<meta name=\"description\" content=\"Tervetuloa Chin Chin -viinibaarin viinikursseille kouluttautumaan viihtyis\u00e4ll\u00e4 tavalla viinimestariemme ohjauksessa ja nauttimaan hyv\u00e4st\u00e4 viinist\u00e4.\" \/>\n<meta name=\"robots\" content=\"index, follow, max-snippet:-1, max-image-preview:large, max-video-preview:-1\" \/>\n<link rel=\"canonical\" href=\"https:\/\/chinchin.ee\/fi\/viinikurssit\/\" \/>\n<meta property=\"og:locale\" content=\"fi_FI\" \/>\n<meta property=\"og:type\" content=\"article\" \/>\n<meta property=\"og:title\" content=\"Viinikurssit Tallinnassa - Chin Chin\" \/>\n<meta property=\"og:description\" content=\"Tervetuloa Chin Chin -viinibaarin viinikursseille kouluttautumaan viihtyis\u00e4ll\u00e4 tavalla viinimestariemme ohjauksessa ja nauttimaan hyv\u00e4st\u00e4 viinist\u00e4.\" \/>\n<meta property=\"og:url\" content=\"https:\/\/chinchin.ee\/fi\/viinikurssit\/\" \/>\n<meta property=\"og:site_name\" content=\"Chin Chin\" \/>\n<meta property=\"article:modified_time\" content=\"2025-04-29T11:13:44+00:00\" \/>\n<meta property=\"og:image\" content=\"https:\/\/chinchin.ee\/wp-content\/uploads\/2022\/12\/Chin-Chin-sisedisain-vein.jpg\" \/>\n\t<meta property=\"og:image:width\" content=\"1920\" \/>\n\t<meta property=\"og:image:height\" content=\"1280\" \/>\n\t<meta property=\"og:image:type\" content=\"image\/jpeg\" \/>\n<meta name=\"twitter:card\" content=\"summary_large_image\" \/>\n<meta name=\"twitter:label1\" content=\"Arvioitu lukuaika\" \/>\n\t<meta name=\"twitter:data1\" content=\"3 minuuttia\" \/>\n<script type=\"application\/ld+json\" class=\"yoast-schema-graph\">{\"@context\":\"https:\/\/schema.org\",\"@graph\":[{\"@type\":\"WebPage\",\"@id\":\"https:\/\/chinchin.ee\/fi\/viinikurssit\/\",\"url\":\"https:\/\/chinchin.ee\/fi\/viinikurssit\/\",\"name\":\"Viinikurssit Tallinnassa - Chin Chin\",\"isPartOf\":{\"@id\":\"https:\/\/chinchin.ee\/fi\/#website\"},\"datePublished\":\"2022-12-23T14:36:28+00:00\",\"dateModified\":\"2025-04-29T11:13:44+00:00\",\"description\":\"Tervetuloa Chin Chin -viinibaarin viinikursseille kouluttautumaan viihtyis\u00e4ll\u00e4 tavalla viinimestariemme ohjauksessa ja nauttimaan hyv\u00e4st\u00e4 viinist\u00e4.\",\"breadcrumb\":{\"@id\":\"https:\/\/chinchin.ee\/fi\/viinikurssit\/#breadcrumb\"},\"inLanguage\":\"fi\",\"potentialAction\":[{\"@type\":\"ReadAction\",\"target\":[\"https:\/\/chinchin.ee\/fi\/viinikurssit\/\"]}]},{\"@type\":\"BreadcrumbList\",\"@id\":\"https:\/\/chinchin.ee\/fi\/viinikurssit\/#breadcrumb\",\"itemListElement\":[{\"@type\":\"ListItem\",\"position\":1,\"name\":\"Home\",\"item\":\"https:\/\/chinchin.ee\/fi\/\"},{\"@type\":\"ListItem\",\"position\":2,\"name\":\"Viinikurssit\"}]},{\"@type\":\"WebSite\",\"@id\":\"https:\/\/chinchin.ee\/fi\/#website\",\"url\":\"https:\/\/chinchin.ee\/fi\/\",\"name\":\"Chin Chin\",\"description\":\"Mere\u00e4\u00e4rne veiniparadiis Kalarannas\",\"publisher\":{\"@id\":\"https:\/\/chinchin.ee\/fi\/#organization\"},\"potentialAction\":[{\"@type\":\"SearchAction\",\"target\":{\"@type\":\"EntryPoint\",\"urlTemplate\":\"https:\/\/chinchin.ee\/fi\/?s={search_term_string}\"},\"query-input\":\"required name=search_term_string\"}],\"inLanguage\":\"fi\"},{\"@type\":\"Organization\",\"@id\":\"https:\/\/chinchin.ee\/fi\/#organization\",\"name\":\"Veinibutiik\",\"url\":\"https:\/\/chinchin.ee\/fi\/\",\"logo\":{\"@type\":\"ImageObject\",\"inLanguage\":\"fi\",\"@id\":\"https:\/\/chinchin.ee\/fi\/#\/schema\/logo\/image\/\",\"url\":\"https:\/\/chinchin.ee\/wp-content\/uploads\/2022\/06\/header_logo.svg\",\"contentUrl\":\"https:\/\/chinchin.ee\/wp-content\/uploads\/2022\/06\/header_logo.svg\",\"width\":140,\"height\":31,\"caption\":\"Veinibutiik\"},\"image\":{\"@id\":\"https:\/\/chinchin.ee\/fi\/#\/schema\/logo\/image\/\"}}]}<\/script>\n<!-- \/ Yoast SEO plugin. -->","yoast_head_json":{"title":"Viinikurssit Tallinnassa - Chin Chin","description":"Tervetuloa Chin Chin -viinibaarin viinikursseille kouluttautumaan viihtyis\u00e4ll\u00e4 tavalla viinimestariemme ohjauksessa ja nauttimaan hyv\u00e4st\u00e4 viinist\u00e4.","robots":{"index":"index","follow":"follow","max-snippet":"max-snippet:-1","max-image-preview":"max-image-preview:large","max-video-preview":"max-video-preview:-1"},"canonical":"https:\/\/chinchin.ee\/fi\/viinikurssit\/","og_locale":"fi_FI","og_type":"article","og_title":"Viinikurssit Tallinnassa - Chin Chin","og_description":"Tervetuloa Chin Chin -viinibaarin viinikursseille kouluttautumaan viihtyis\u00e4ll\u00e4 tavalla viinimestariemme ohjauksessa ja nauttimaan hyv\u00e4st\u00e4 viinist\u00e4.","og_url":"https:\/\/chinchin.ee\/fi\/viinikurssit\/","og_site_name":"Chin Chin","article_modified_time":"2025-04-29T11:13:44+00:00","og_image":[{"width":1920,"height":1280,"url":"https:\/\/chinchin.ee\/wp-content\/uploads\/2022\/12\/Chin-Chin-sisedisain-vein.jpg","type":"image\/jpeg"}],"twitter_card":"summary_large_image","twitter_misc":{"Arvioitu lukuaika":"3 minuuttia"},"schema":{"@context":"https:\/\/schema.org","@graph":[{"@type":"WebPage","@id":"https:\/\/chinchin.ee\/fi\/viinikurssit\/","url":"https:\/\/chinchin.ee\/fi\/viinikurssit\/","name":"Viinikurssit Tallinnassa - Chin Chin","isPartOf":{"@id":"https:\/\/chinchin.ee\/fi\/#website"},"datePublished":"2022-12-23T14:36:28+00:00","dateModified":"2025-04-29T11:13:44+00:00","description":"Tervetuloa Chin Chin -viinibaarin viinikursseille kouluttautumaan viihtyis\u00e4ll\u00e4 tavalla viinimestariemme ohjauksessa ja nauttimaan hyv\u00e4st\u00e4 viinist\u00e4.","breadcrumb":{"@id":"https:\/\/chinchin.ee\/fi\/viinikurssit\/#breadcrumb"},"inLanguage":"fi","potentialAction":[{"@type":"ReadAction","target":["https:\/\/chinchin.ee\/fi\/viinikurssit\/"]}]},{"@type":"BreadcrumbList","@id":"https:\/\/chinchin.ee\/fi\/viinikurssit\/#breadcrumb","itemListElement":[{"@type":"ListItem","position":1,"name":"Home","item":"https:\/\/chinchin.ee\/fi\/"},{"@type":"ListItem","position":2,"name":"Viinikurssit"}]},{"@type":"WebSite","@id":"https:\/\/chinchin.ee\/fi\/#website","url":"https:\/\/chinchin.ee\/fi\/","name":"Chin Chin","description":"Mere\u00e4\u00e4rne veiniparadiis Kalarannas","publisher":{"@id":"https:\/\/chinchin.ee\/fi\/#organization"},"potentialAction":[{"@type":"SearchAction","target":{"@type":"EntryPoint","urlTemplate":"https:\/\/chinchin.ee\/fi\/?s={search_term_string}"},"query-input":"required name=search_term_string"}],"inLanguage":"fi"},{"@type":"Organization","@id":"https:\/\/chinchin.ee\/fi\/#organization","name":"Veinibutiik","url":"https:\/\/chinchin.ee\/fi\/","logo":{"@type":"ImageObject","inLanguage":"fi","@id":"https:\/\/chinchin.ee\/fi\/#\/schema\/logo\/image\/","url":"https:\/\/chinchin.ee\/wp-content\/uploads\/2022\/06\/header_logo.svg","contentUrl":"https:\/\/chinchin.ee\/wp-content\/uploads\/2022\/06\/header_logo.svg","width":140,"height":31,"caption":"Veinibutiik"},"image":{"@id":"https:\/\/chinchin.ee\/fi\/#\/schema\/logo\/image\/"}}]}},"_links":{"self":[{"href":"https:\/\/chinchin.ee\/fi\/wp-json\/wp\/v2\/pages\/1065"}],"collection":[{"href":"https:\/\/chinchin.ee\/fi\/wp-json\/wp\/v2\/pages"}],"about":[{"href":"https:\/\/chinchin.ee\/fi\/wp-json\/wp\/v2\/types\/page"}],"author":[{"embeddable":true,"href":"https:\/\/chinchin.ee\/fi\/wp-json\/wp\/v2\/users\/6"}],"replies":[{"embeddable":true,"href":"https:\/\/chinchin.ee\/fi\/wp-json\/wp\/v2\/comments?post=1065"}],"version-history":[{"count":5,"href":"https:\/\/chinchin.ee\/fi\/wp-json\/wp\/v2\/pages\/1065\/revisions"}],"predecessor-version":[{"id":1453,"href":"https:\/\/chinchin.ee\/fi\/wp-json\/wp\/v2\/pages\/1065\/revisions\/1453"}],"wp:featuredmedia":[{"embeddable":true,"href":"https:\/\/chinchin.ee\/fi\/wp-json\/wp\/v2\/media\/1067"}],"wp:attachment":[{"href":"https:\/\/chinchin.ee\/fi\/wp-json\/wp\/v2\/media?parent=1065"}],"curies":[{"name":"wp","href":"https:\/\/api.w.org\/{rel}","templated":true}]}}